{"id":50,"date":"2025-05-08T08:28:39","date_gmt":"2025-05-08T06:28:39","guid":{"rendered":"https:\/\/www.kgpv2.dk\/?page_id=50"},"modified":"2025-08-15T14:03:33","modified_gmt":"2025-08-15T12:03:33","slug":"wasgij","status":"publish","type":"page","link":"https:\/\/www.kgpv2.dk\/index.php\/wasgij\/","title":{"rendered":"WASGIJ"},"content":{"rendered":"\n<p>Jeg er blevet helt tosset med WASGIJ puslespil. Efter at jeg er blevet introduceret for dem, s\u00e5 er almindelige puslespil blevet meget kedelige.<\/p>\n\n\n\n<p>Wasgij puslespillene s\u00e5 dagens lys sidst i 1990&#8217;erne, men jeg st\u00f8dte f\u00f8rst p\u00e5 dem under Corona. Jeg havde ikke haft interessen for puslespil siden barndommen, men da en af mine kolleger under Corona begyndte at samle puslespil og fort\u00e6lle om Wasgij, s\u00e5 m\u00e5tte jeg, af ren nysgerrighed, unders\u00f8ge hvad det var for noget. Og jeg var solgt med det samme. De f\u00f8rste jeg pr\u00f8vede var tilpas irriterende og jeg var flere gange ved at give op, men min vedholdenhed gjorde at jeg fortsatte, og pludselig tr\u00e5dte motivet frem. S\u00e5dan har det v\u00e6ret lige siden &#8211; jeg g\u00e5r i gang  med et puslespil, bliver irriteret over at jeg ikke kan se den umiddelbare logik, pr\u00f8ver mig lidt frem og pludselig g\u00e5r det st\u00e6rkt.<\/p>\n\n\n\n<p>WASGIJ er JIGSAW stavet bagl\u00e6ns og alene navnet indikerer, at det ikke er et helt normalt puslespil.<\/p>\n\n\n\n<p>Hvor det for de normale puslespil drejer sig om at samle det motiv der er vist p\u00e5 \u00e6sken, g\u00e6lder det for WASGIJ om at samle noget, der tager udgangspunkt i billedet p\u00e5 \u00e6sken. Afh\u00e6ngig af hvilken serie man samler, er motivet p\u00e5 \u00e6sken altid det, der s\u00e6tter scenen.<\/p>\n\n\n\n<p>Der findes 4 serier:<\/p>\n\n\n\n<p><strong>Original<\/strong> &#8211; ogs\u00e5 kendt som &#8220;hvad ser de p\u00e5&#8221;. Her er motivet en masse mennesker som sp\u00e6rrer \u00f8jnene op fordi de ser et eller andet overraskende. Hvad det er de ser, er op til dig at finde ud af ved at l\u00e6gge alle brikkerne. Tippet i denne serie er oftest hvilken person du ser ud fra. <\/p>\n\n\n\n<p><strong>Destiny<\/strong> &#8211; ogs\u00e5 kendt som &#8220;sk\u00e6bnen indhenter os&#8221;. Her er opgaven at samle den nutidige version af det idylliske billede der er p\u00e5 \u00e6sken. Mit f\u00f8rste Destiny, var puslespil nummer 13 som viser en idyllisk britisk landsby med togstation, damplokomotiv og diverse sm\u00e5 huse. P\u00e5 perronen st\u00e5r en lille dreng og skriver tognumre. Det motiv der skal pusles er hvordan omr\u00e5det ser ud, den dag hvor den unge dreng er blevet s\u00e5 gammel, at han g\u00e5r p\u00e5 pension.<\/p>\n\n\n\n<p><strong>Mystery<\/strong> &#8211; ogs\u00e5 kendt som &#8220;hvad sker der nu&#8221;. Her er opgaven at samle hvordan scenen p\u00e5 \u00e6sken ser ud split sekundet senere.<\/p>\n\n\n\n<p><strong>Christmas<\/strong> &#8211; Christmas er en \u00e5rstidsvariant af Original. Alle motiver omhandler julen, men det du skal samle er hvad personerne p\u00e5 motivet kigger ud p\u00e5. <\/p>\n\n\n\n<p>Hvis du vil l\u00e6se mere om Wasgij universet, kan du klikke ind p\u00e5 deres hjemmeside (engelsk): <a href=\"https:\/\/wasgij.com\">Wasgij<\/a> <\/p>\n","protected":false},"excerpt":{"rendered":"<p>Jeg er blevet helt tosset med WASGIJ puslespil. Efter at jeg er blevet introduceret for dem, s\u00e5 er almindelige puslespil blevet meget kedelige. Wasgij puslespillene s\u00e5 dagens lys sidst i 1990&#8217;erne, men jeg st\u00f8dte f\u00f8rst p\u00e5 dem under Corona. Jeg havde ikke haft interessen for puslespil siden barndommen, men da en af mine kolleger under&hellip;&nbsp;<a href=\"https:\/\/www.kgpv2.dk\/index.php\/wasgij\/\" rel=\"bookmark\">L\u00e6s mere &raquo;<span class=\"screen-reader-text\">WASGIJ<\/span><\/a><\/p>\n","protected":false},"author":1,"featured_media":0,"parent":0,"menu_order":0,"comment_status":"closed","ping_status":"closed","template":"","meta":{"neve_meta_sidebar":"","neve_meta_container":"","neve_meta_enable_content_width":"","neve_meta_content_width":0,"neve_meta_title_alignment":"","neve_meta_author_avatar":"","neve_post_elements_order":"","neve_meta_disable_header":"","neve_meta_disable_footer":"","neve_meta_disable_title":"","footnotes":""},"class_list":["post-50","page","type-page","status-publish","hentry"],"_links":{"self":[{"href":"https:\/\/www.kgpv2.dk\/index.php\/wp-json\/wp\/v2\/pages\/50","targetHints":{"allow":["GET"]}}],"collection":[{"href":"https:\/\/www.kgpv2.dk\/index.php\/wp-json\/wp\/v2\/pages"}],"about":[{"href":"https:\/\/www.kgpv2.dk\/index.php\/wp-json\/wp\/v2\/types\/page"}],"author":[{"embeddable":true,"href":"https:\/\/www.kgpv2.dk\/index.php\/wp-json\/wp\/v2\/users\/1"}],"replies":[{"embeddable":true,"href":"https:\/\/www.kgpv2.dk\/index.php\/wp-json\/wp\/v2\/comments?post=50"}],"version-history":[{"count":5,"href":"https:\/\/www.kgpv2.dk\/index.php\/wp-json\/wp\/v2\/pages\/50\/revisions"}],"predecessor-version":[{"id":160,"href":"https:\/\/www.kgpv2.dk\/index.php\/wp-json\/wp\/v2\/pages\/50\/revisions\/160"}],"wp:attachment":[{"href":"https:\/\/www.kgpv2.dk\/index.php\/wp-json\/wp\/v2\/media?parent=50"}],"curies":[{"name":"wp","href":"https:\/\/api.w.org\/{rel}","templated":true}]}}