{"id":44,"date":"2025-05-08T08:22:35","date_gmt":"2025-05-08T06:22:35","guid":{"rendered":"https:\/\/www.kgpv2.dk\/?page_id=44"},"modified":"2025-05-09T14:59:08","modified_gmt":"2025-05-09T12:59:08","slug":"biler","status":"publish","type":"page","link":"https:\/\/www.kgpv2.dk\/index.php\/biler\/","title":{"rendered":"Biler"},"content":{"rendered":"\n<p>Denne kategori indeholder anmeldelser af Lego Technic biler.<\/p>\n\n\n\n<p>Egentlig er der ikke fordi jeg er stor tilh\u00e6nger af de biler, som Lego udgiver. Der er ikke meget bev\u00e6gelse over dem, men engang i mellem kommer der nogle modeller, som har nogle features som er s\u00e5 specielle, at jeg alligevel anskaffer dem.<\/p>\n\n\n\n<p>Et eksempel er Land Rover Defender &#8211; et ikon p\u00e5 4 hjul. Ikke fordi det er smart og str\u00f8mlinet, men fordi Land Rover kan noget indenfor terr\u00e6ng\u00e5ende biler. Og da designeren af Defenderen meldte ud, at det ville v\u00e6re den mest komplicerede gearkasse i noget Technic set, ja s\u00e5 var det ren put-i-kurv. <\/p>\n\n\n\n<p>Efterf\u00f8lgende er der kommet andre biler med i samlingen, ligesom 1:8 serien, som er ikoniske biler, ogs\u00e5 er indk\u00f8bt.<\/p>\n\n\n\n<p><\/p>\n\n\n\n<p>Anmeldelse af <a href=\"https:\/\/www.kgpv2.dk\/index.php\/2025\/05\/08\/97\/\">Lego Technic set 42110 &#8211; Land Rover Defender<\/a><\/p>\n","protected":false},"excerpt":{"rendered":"<p>Denne kategori indeholder anmeldelser af Lego Technic biler. Egentlig er der ikke fordi jeg er stor tilh\u00e6nger af de biler, som Lego udgiver. Der er ikke meget bev\u00e6gelse over dem, men engang i mellem kommer der nogle modeller, som har nogle features som er s\u00e5 specielle, at jeg alligevel anskaffer dem. Et eksempel er Land&hellip;&nbsp;<a href=\"https:\/\/www.kgpv2.dk\/index.php\/biler\/\" rel=\"bookmark\">L\u00e6s mere &raquo;<span class=\"screen-reader-text\">Biler<\/span><\/a><\/p>\n","protected":false},"author":1,"featured_media":0,"parent":0,"menu_order":0,"comment_status":"closed","ping_status":"closed","template":"","meta":{"neve_meta_sidebar":"","neve_meta_container":"","neve_meta_enable_content_width":"","neve_meta_content_width":0,"neve_meta_title_alignment":"","neve_meta_author_avatar":"","neve_post_elements_order":"","neve_meta_disable_header":"","neve_meta_disable_footer":"","neve_meta_disable_title":"","footnotes":""},"class_list":["post-44","page","type-page","status-publish","hentry"],"_links":{"self":[{"href":"https:\/\/www.kgpv2.dk\/index.php\/wp-json\/wp\/v2\/pages\/44","targetHints":{"allow":["GET"]}}],"collection":[{"href":"https:\/\/www.kgpv2.dk\/index.php\/wp-json\/wp\/v2\/pages"}],"about":[{"href":"https:\/\/www.kgpv2.dk\/index.php\/wp-json\/wp\/v2\/types\/page"}],"author":[{"embeddable":true,"href":"https:\/\/www.kgpv2.dk\/index.php\/wp-json\/wp\/v2\/users\/1"}],"replies":[{"embeddable":true,"href":"https:\/\/www.kgpv2.dk\/index.php\/wp-json\/wp\/v2\/comments?post=44"}],"version-history":[{"count":2,"href":"https:\/\/www.kgpv2.dk\/index.php\/wp-json\/wp\/v2\/pages\/44\/revisions"}],"predecessor-version":[{"id":127,"href":"https:\/\/www.kgpv2.dk\/index.php\/wp-json\/wp\/v2\/pages\/44\/revisions\/127"}],"wp:attachment":[{"href":"https:\/\/www.kgpv2.dk\/index.php\/wp-json\/wp\/v2\/media?parent=44"}],"curies":[{"name":"wp","href":"https:\/\/api.w.org\/{rel}","templated":true}]}}