{"id":26,"date":"2025-05-08T08:10:25","date_gmt":"2025-05-08T06:10:25","guid":{"rendered":"https:\/\/www.kgpv2.dk\/?page_id=26"},"modified":"2025-05-09T14:37:56","modified_gmt":"2025-05-09T12:37:56","slug":"entreprenoer-maskiner","status":"publish","type":"page","link":"https:\/\/www.kgpv2.dk\/index.php\/entreprenoer-maskiner\/","title":{"rendered":"Entrepren\u00f8r maskiner"},"content":{"rendered":"\n<p>Denne kategori omfatter de Lego Technic modeller, som jeg opfatter som entrepren\u00f8r maskiner. Det vil sige modeller der vil kunne findes p\u00e5 en byggeplads. Dette er min favorit kategori, da den indeholder maskiner, hvor der er meget teknik og bev\u00e6gelse i flere dimensioner.<\/p>\n\n\n\n<p>Anmeldelse af <a href=\"https:\/\/www.kgpv2.dk\/index.php\/2025\/05\/08\/lego-technics-42114-volvo-dumper\/\">Lego Technic set 42114 &#8211; Volvo Dumper<\/a><\/p>\n\n\n\n<p>Anmeldelse af <a href=\"https:\/\/www.kgpv2.dk\/index.php\/2025\/05\/08\/lego-technic-42080-forest-machine\/\">Lego Technic set 42080 &#8211; Skovmaskine<\/a><\/p>\n\n\n\n<p>Anmeldelse af <a href=\"https:\/\/www.kgpv2.dk\/index.php\/2025\/05\/09\/103\/\">Lego Technic set 42079 &#8211; Gaffeltruck<\/a><\/p>\n\n\n\n<p>Anmeldelse af <a href=\"https:\/\/www.kgpv2.dk\/index.php\/2025\/05\/09\/lego-technic-42043-mercedes-benz-arocs-3245\/\">Lego Technic set 42043 &#8211; Mercedes-Benz Arocs 3245<\/a><\/p>\n\n\n\n<p>Anmeldelse af <a href=\"https:\/\/www.kgpv2.dk\/index.php\/2025\/05\/09\/lego-technic-42009-mobilkran\/\">Lego Technic set 42009 &#8211; Mobilkran<\/a><\/p>\n","protected":false},"excerpt":{"rendered":"<p>Denne kategori omfatter de Lego Technic modeller, som jeg opfatter som entrepren\u00f8r maskiner. Det vil sige modeller der vil kunne findes p\u00e5 en byggeplads. Dette er min favorit kategori, da den indeholder maskiner, hvor der er meget teknik og bev\u00e6gelse i flere dimensioner. Anmeldelse af Lego Technic set 42114 &#8211; Volvo Dumper Anmeldelse af Lego&hellip;&nbsp;<a href=\"https:\/\/www.kgpv2.dk\/index.php\/entreprenoer-maskiner\/\" rel=\"bookmark\">L\u00e6s mere &raquo;<span class=\"screen-reader-text\">Entrepren\u00f8r maskiner<\/span><\/a><\/p>\n","protected":false},"author":1,"featured_media":0,"parent":0,"menu_order":0,"comment_status":"closed","ping_status":"closed","template":"","meta":{"neve_meta_sidebar":"","neve_meta_container":"","neve_meta_enable_content_width":"","neve_meta_content_width":0,"neve_meta_title_alignment":"","neve_meta_author_avatar":"","neve_post_elements_order":"","neve_meta_disable_header":"","neve_meta_disable_footer":"","neve_meta_disable_title":"","footnotes":""},"class_list":["post-26","page","type-page","status-publish","hentry"],"_links":{"self":[{"href":"https:\/\/www.kgpv2.dk\/index.php\/wp-json\/wp\/v2\/pages\/26","targetHints":{"allow":["GET"]}}],"collection":[{"href":"https:\/\/www.kgpv2.dk\/index.php\/wp-json\/wp\/v2\/pages"}],"about":[{"href":"https:\/\/www.kgpv2.dk\/index.php\/wp-json\/wp\/v2\/types\/page"}],"author":[{"embeddable":true,"href":"https:\/\/www.kgpv2.dk\/index.php\/wp-json\/wp\/v2\/users\/1"}],"replies":[{"embeddable":true,"href":"https:\/\/www.kgpv2.dk\/index.php\/wp-json\/wp\/v2\/comments?post=26"}],"version-history":[{"count":9,"href":"https:\/\/www.kgpv2.dk\/index.php\/wp-json\/wp\/v2\/pages\/26\/revisions"}],"predecessor-version":[{"id":125,"href":"https:\/\/www.kgpv2.dk\/index.php\/wp-json\/wp\/v2\/pages\/26\/revisions\/125"}],"wp:attachment":[{"href":"https:\/\/www.kgpv2.dk\/index.php\/wp-json\/wp\/v2\/media?parent=26"}],"curies":[{"name":"wp","href":"https:\/\/api.w.org\/{rel}","templated":true}]}}