{"id":20,"date":"2025-05-08T08:06:02","date_gmt":"2025-05-08T06:06:02","guid":{"rendered":"https:\/\/www.kgpv2.dk\/?page_id=20"},"modified":"2025-07-25T17:07:43","modified_gmt":"2025-07-25T15:07:43","slug":"forside","status":"publish","type":"page","link":"https:\/\/www.kgpv2.dk\/","title":{"rendered":"Forside"},"content":{"rendered":"\n<p>Velkommen til mit lille hj\u00f8rne p\u00e5 nettet.<\/p>\n\n\n\n<p>P\u00e5 denne side kan du se hvem jeg er, hvad jeg laver til dagligt og hvilke interesser jeg har.<\/p>\n\n\n\n<p>Jeg er f\u00f8dt i 1970 og er opvokset p\u00e5 den sj\u00e6llandske nordkyst, hvorfor skov og strand har en stor plads i mit hjerte. Ikke at jeg er den der hopper i vandet, men det giver en indre ro, at sidde og kigge ud over Kattegat. <\/p>\n\n\n\n<p>N\u00e5r jeg ikke lige sidder og kigger ud over vandet, s\u00e5 arbejder jeg. Dels for at tjene lidt til husholdningen men dels ogs\u00e5 for at kunne bruge penge p\u00e5 mine hobbyer som begge koster lidt.<\/p>\n\n\n\n<p>Jeg har fra 1997 arbejdet i IT branchen, men skiftede i 2014 over til et job i medicinalbranchen. I f\u00f8rste omgang var QA koordinator hos Novo Nordisk i Hiller\u00f8d, senere som MES Business Analyst (PAS-X programm\u00f8r) i en anden afdeling i Novo, for s\u00e5 til sidst at vende tilbage til der hvor Novo eventyret startede &#8211; er nu QA professional.<\/p>\n\n\n\n<p>N\u00e5r jeg ikke arbejder, dyrker jeg mine interesser, som blandt andet er:<\/p>\n\n\n\n<ul class=\"wp-block-list\">\n<li>Lego Technics<\/li>\n<\/ul>\n\n\n\n<ul class=\"wp-block-list\">\n<li>B\u00f8ger &#8211; ynglingsforfatteren er Inger Gammelgaard Madsen og generelt er den kategori jeg befinder mig i krimierne. Under menu punktet &#8220;senest l\u00e6st&#8221; kan du se, hvilke b\u00f8ger jeg senest har l\u00e6st.<\/li>\n\n\n\n<li>Musik &#8211; med afs\u00e6t i 80&#8217;erne og Stock, Aitken og Waterman.<\/li>\n\n\n\n<li>Mad &#8211; jeg kan godt lide at kigge i kogeb\u00f8ger eller p\u00e5 nettet efter sp\u00e6ndende opskrifter. Jeg er ikke den store gourmet, men hygger mig gevaldigt med at pusle i et k\u00f8kken. Fordi jeg er s\u00e5 struktureret, s\u00e5 kan jeg ikke bare finde p\u00e5, men f\u00f8lger altid opskrifterne slavisk.<br><\/li>\n<\/ul>\n\n\n\n<p>Hvis du har sp\u00f8rgsm\u00e5l eller kommentarer, skal du v\u00e6re velkommen til at kontakte mig. Brug kontaktformularen.<\/p>\n\n\n\n<p><\/p>\n","protected":false},"excerpt":{"rendered":"<p>Velkommen til mit lille hj\u00f8rne p\u00e5 nettet. P\u00e5 denne side kan du se hvem jeg er, hvad jeg laver til dagligt og hvilke interesser jeg har. Jeg er f\u00f8dt i 1970 og er opvokset p\u00e5 den sj\u00e6llandske nordkyst, hvorfor skov og strand har en stor plads i mit hjerte. Ikke at jeg er den der&hellip;&nbsp;<a href=\"https:\/\/www.kgpv2.dk\/\" rel=\"bookmark\">L\u00e6s mere &raquo;<span class=\"screen-reader-text\">Forside<\/span><\/a><\/p>\n","protected":false},"author":1,"featured_media":0,"parent":0,"menu_order":0,"comment_status":"closed","ping_status":"closed","template":"","meta":{"neve_meta_sidebar":"","neve_meta_container":"","neve_meta_enable_content_width":"","neve_meta_content_width":0,"neve_meta_title_alignment":"","neve_meta_author_avatar":"","neve_post_elements_order":"","neve_meta_disable_header":"","neve_meta_disable_footer":"","neve_meta_disable_title":"","footnotes":""},"class_list":["post-20","page","type-page","status-publish","hentry"],"_links":{"self":[{"href":"https:\/\/www.kgpv2.dk\/index.php\/wp-json\/wp\/v2\/pages\/20","targetHints":{"allow":["GET"]}}],"collection":[{"href":"https:\/\/www.kgpv2.dk\/index.php\/wp-json\/wp\/v2\/pages"}],"about":[{"href":"https:\/\/www.kgpv2.dk\/index.php\/wp-json\/wp\/v2\/types\/page"}],"author":[{"embeddable":true,"href":"https:\/\/www.kgpv2.dk\/index.php\/wp-json\/wp\/v2\/users\/1"}],"replies":[{"embeddable":true,"href":"https:\/\/www.kgpv2.dk\/index.php\/wp-json\/wp\/v2\/comments?post=20"}],"version-history":[{"count":2,"href":"https:\/\/www.kgpv2.dk\/index.php\/wp-json\/wp\/v2\/pages\/20\/revisions"}],"predecessor-version":[{"id":151,"href":"https:\/\/www.kgpv2.dk\/index.php\/wp-json\/wp\/v2\/pages\/20\/revisions\/151"}],"wp:attachment":[{"href":"https:\/\/www.kgpv2.dk\/index.php\/wp-json\/wp\/v2\/media?parent=20"}],"curies":[{"name":"wp","href":"https:\/\/api.w.org\/{rel}","templated":true}]}}