{"id":10,"date":"2025-05-07T14:52:10","date_gmt":"2025-05-07T12:52:10","guid":{"rendered":"https:\/\/www.kgpv2.dk\/?page_id=10"},"modified":"2025-05-08T14:50:02","modified_gmt":"2025-05-08T12:50:02","slug":"erhvervserfaring","status":"publish","type":"page","link":"https:\/\/www.kgpv2.dk\/index.php\/erhvervserfaring\/","title":{"rendered":"CV"},"content":{"rendered":"\n<p class=\"has-small-font-size\">April 2025 &#8211; Ansat hos <a href=\"http:\/\/www.novonordisk.com\/default.asp\" target=\"_blank\" rel=\"noreferrer noopener\">Novo Nordisk A\/S<\/a> som QA Professional i GCMD QA afdeling i Novo Nordisk Hiller\u00f8d<\/p>\n\n\n\n<p class=\"has-small-font-size\">Maj 2022 &#8211; April 2025 &#8211; Ansat hos <a href=\"http:\/\/www.novonordisk.com\/default.asp\" target=\"_blank\" rel=\"noreferrer noopener\">Novo Nordisk A\/S<\/a> som MES Business Analyst i DD&amp;IT Novo Nordisk Hiller\u00f8d.<\/p>\n\n\n\n<ul class=\"wp-block-list\">\n<li class=\"has-small-font-size\">Programmerer recepter i PAS-X.<\/li>\n\n\n\n<li class=\"has-small-font-size\">Tester de programmerede recepter i TIMS3.<\/li>\n<\/ul>\n\n\n\n<p class=\"has-small-font-size\">September 2014 &#8211; maj 2022 Ansat hos <a href=\"http:\/\/www.novonordisk.com\/default.asp\" target=\"_blank\" rel=\"noreferrer noopener\">Novo Nordisk A\/S<\/a> som QA Professional i QA afdelingen i Novo Nordisk Hiller\u00f8d. Har blandt andet f\u00f8lgende arbejdsomr\u00e5der:<\/p>\n\n\n\n<ul class=\"wp-block-list\">\n<li class=\"has-small-font-size\">Frigivelse af st\u00f8bte plastkomponenter og samlede motormoduler p\u00e5 verdensplan.<\/li>\n\n\n\n<li class=\"has-small-font-size\">Verifikation af dokumentation jvf. GxP<\/li>\n\n\n\n<li class=\"has-small-font-size\">Udarbejdelse af job tr\u00e6ningsplaner (JTP&#8217;er) i forhold til opl\u00e6ring af nye kolleger<\/li>\n\n\n\n<li class=\"has-small-font-size\">Udarbejdelse af step-by-step guides i brug af IT systemer<\/li>\n\n\n\n<li class=\"has-small-font-size\">Superbruger p\u00e5 SAP<\/li>\n\n\n\n<li class=\"has-small-font-size\">Har deltaget i implementeringen af SAP i vores afdeling &#8211; dette skete i meget t\u00e6t samarbejde med central IT&#8217;s SAP specialister<\/li>\n\n\n\n<li class=\"has-small-font-size\">Superbruger p\u00e5 Labvantage Lims<\/li>\n\n\n\n<li class=\"has-small-font-size\">Template builder i Labvantage Lims<\/li>\n\n\n\n<li class=\"has-small-font-size\">Value stream mapping i forbindelse med implementering af software robotter (RPA).<\/li>\n\n\n\n<li class=\"has-small-font-size\">T\u00e6t samarbejde med RPA udvikler.<\/li>\n\n\n\n<li class=\"has-small-font-size\">Sm\u00e5udvikling af Visual Basic programmer og udtr\u00e6k af data fra SQL server til brug for opg\u00f8relse af frigivelsestid.<\/li>\n<\/ul>\n\n\n\n<p class=\"has-small-font-size\">Har deltaget i f\u00f8lgende kurser:<\/p>\n\n\n\n<p class=\"has-small-font-size\">RPA &#8211; software robotics<\/p>\n\n\n\n<p class=\"has-small-font-size\">Oktober 2010 &#8211; august 2014 Ansat hos <a href=\"http:\/\/www.kmd.dk\" target=\"_blank\" rel=\"noreferrer noopener\">KMD A\/S<\/a> som Service Delivery Assistent &#8211; assistent for Program Direkt\u00f8r og Service Delivery Managerne p\u00e5 ATP account. Har blandt andet f\u00f8lgende arbejdsomr\u00e5der:<\/p>\n\n\n\n<ul class=\"wp-block-list\">\n<li class=\"has-small-font-size\">Referat skrivning fra diverse m\u00f8der.<\/li>\n\n\n\n<li class=\"has-small-font-size\">Deltagelse i arbejde omkring rapportering.<\/li>\n\n\n\n<li class=\"has-small-font-size\">Udarbejdelse af m\u00e5nedsrapporter.<\/li>\n\n\n\n<li class=\"has-small-font-size\">Afrapportering af daglig drift.<\/li>\n\n\n\n<li class=\"has-small-font-size\">Vederlagsspecifikation.<\/li>\n\n\n\n<li class=\"has-small-font-size\">Bodsopg\u00f8relse.<\/li>\n<\/ul>\n\n\n\n<p class=\"has-small-font-size\">Har deltaget i f\u00f8lgende kurser:<\/p>\n\n\n\n<ul class=\"wp-block-list\">\n<li class=\"has-small-font-size\">Avanceret Excel<\/li>\n\n\n\n<li class=\"has-small-font-size\">Grundl\u00e6ggende PowerPoint<\/li>\n<\/ul>\n\n\n\n<p class=\"has-small-font-size\">Ud over mit arbejde som SDA&#8217;er, s\u00e5 er jeg frivillig p\u00e5 Lektier Online &#8211; lektiehj\u00e6lp for folkeskole elever med sv\u00e6r baggrund. <\/p>\n\n\n\n<p class=\"has-small-font-size\">Januar 2009 &#8211; oktober 2010 Ansat hos <a href=\"http:\/\/www.nnit.com\" target=\"_blank\" rel=\"noreferrer noopener\">NNIT A\/S<\/a> som Monitoring Specialist. Var en del af 24*7 overv\u00e5gning, herunder SPOC for eksterne kunder. Havde blandt andet f\u00f8lgende arbejdsomr\u00e5der:<\/p>\n\n\n\n<ul class=\"wp-block-list\">\n<li class=\"has-small-font-size\">Overv\u00e5gning af kundernes IT Infrastruktur.<\/li>\n\n\n\n<li class=\"has-small-font-size\">Registrering og eskalation af incidents.<\/li>\n\n\n\n<li class=\"has-small-font-size\">Opl\u00e6ring af nye kolleger, prim\u00e6rt da NNIT outsourcede til NNIT Kina.<\/li>\n<\/ul>\n\n\n\n<p class=\"has-small-font-size\">Har deltaget i f\u00f8lgende kurser:<\/p>\n\n\n\n<ul class=\"wp-block-list\">\n<li class=\"has-small-font-size\">ITIL Foundation Bridge.<\/li>\n<\/ul>\n\n\n\n<p class=\"has-small-font-size\">Maj 2007 &#8211; december 2008 Ansat hos <a href=\"https:\/\/www.home.saxo\/da-dk\" target=\"_blank\" rel=\"noreferrer noopener\">Saxo Bank A\/S<\/a> som IT Supporter i IT Business Support. Havde blandt andet f\u00f8lgende arbejdsomr\u00e5der:<\/p>\n\n\n\n<ul class=\"wp-block-list\">\n<li class=\"has-small-font-size\">Deltagelse i 24*7 overv\u00e5gning.<\/li>\n\n\n\n<li class=\"has-small-font-size\">Registrering og eskalation af incidents p\u00e5 IT infrastrukturen.<\/li>\n\n\n\n<li class=\"has-small-font-size\">1st level support i forhold til Saxo Banks trading desk.<\/li>\n\n\n\n<li class=\"has-small-font-size\">Kommunikation med underleverand\u00f8rer, herunder store internationale banker som DB, BoA og Morgan Stanley.<\/li>\n<\/ul>\n\n\n\n<p class=\"has-small-font-size\">Maj 2005 &#8211; februar 2007 Ansat som Problem Manager ved <a href=\"https:\/\/www.bispebjerghospital.dk\/\" target=\"_blank\" rel=\"noreferrer noopener\">Bispebjerg Hospital&#8217;s<\/a> IT afdeling. Havde blandt andet f\u00f8lgende arbejdsomr\u00e5der:<\/p>\n\n\n\n<ul class=\"wp-block-list\">\n<li class=\"has-small-font-size\">Opbygning af en Problem Management funktion jvf. ITIL.<\/li>\n\n\n\n<li class=\"has-small-font-size\">Samarbejde med Change Manager.<\/li>\n\n\n\n<li class=\"has-small-font-size\">Samarbejde med 1. level (Service Desk) og 2. level (de udf\u00f8rende teknikere og konsulenter).<\/li>\n<\/ul>\n\n\n\n<p class=\"has-small-font-size\">Deltog i f\u00f8lgende kurser:<\/p>\n\n\n\n<ul class=\"wp-block-list\">\n<li class=\"has-small-font-size\">ITIL Foundation<\/li>\n\n\n\n<li class=\"has-small-font-size\">Problem Manager Practitioners Course.<\/li>\n<\/ul>\n\n\n\n<p class=\"has-small-font-size\">September 1997 &#8211; april 2005 Ansat hos <a href=\"http:\/\/www.kmd.dk\" target=\"_blank\" rel=\"noreferrer noopener\">KMD A\/S<\/a> som systemprogramm\u00f8r. Havde blandt andet f\u00f8lgende arbejdsomr\u00e5der:<\/p>\n\n\n\n<ul class=\"wp-block-list\">\n<li class=\"has-small-font-size\">Har v\u00e6ret teknisk koordinator p\u00e5 Unbundlingsprojekt<\/li>\n\n\n\n<li class=\"has-small-font-size\">Deltaget i implementeringen af softwarekonfigurationsv\u00e6rkt\u00f8jet ChangeMan.<\/li>\n\n\n\n<li class=\"has-small-font-size\">Har implementeret Dorana &#8211; et v\u00e6rkt\u00f8j der p\u00e5 mainframe samler informationer om hvilke brugere der bruger hvilke loadmoduler. Disse opsamlede data downloades til pc, hvor dataene analyseres i pc delen af Dorana.<\/li>\n\n\n\n<li class=\"has-small-font-size\">Har implementeret RMF Spreadsheet Converter og RMF Performance Monitor.<\/li>\n\n\n\n<li class=\"has-small-font-size\">Har renoveret KMD&#8217;s katastrofeplan.<\/li>\n\n\n\n<li class=\"has-small-font-size\">Deltaget i implementeringen af Tivoli til brug i forbindelse med overv\u00e5gning af de centrale og decentrale milj\u00f8er. Fokus i denne sammenh\u00e6ng var MQ-series.<\/li>\n\n\n\n<li class=\"has-small-font-size\">Opbygget databaser i Microsoft Access med udtr\u00e6k fra datawarehouse.<\/li>\n\n\n\n<li class=\"has-small-font-size\">Udviklet og vedligeholdt hj\u00e6lpev\u00e6rkt\u00f8jer til brug for KMD&#8217;s udviklere.<\/li>\n\n\n\n<li class=\"has-small-font-size\">Udarbejdet dokumentation til de programmer jeg har kodet.<\/li>\n\n\n\n<li class=\"has-small-font-size\">Udarbejdet dokumentation i forbindelse med overdragelse af produktansvar.<\/li>\n\n\n\n<li class=\"has-small-font-size\">Har gennemf\u00f8rt undervisning af udviklere i forbindelse med implementering af nyt v\u00e6rkt\u00f8j.<\/li>\n\n\n\n<li class=\"has-small-font-size\">S\u00f8rget for at de programmer jeg havde produktansvar for, altid var opdateret med de seneste rettelser. Dette indeb\u00e6rer en del kommunikation med leverand\u00f8rers teknikere p\u00e5 engelsk.<\/li>\n<\/ul>\n\n\n\n<p class=\"has-small-font-size\">Programmeringserfaring med f\u00f8lgende sprog:<\/p>\n\n\n\n<ul class=\"wp-block-list has-small-font-size\">\n<li>PL\/I, REXX, assembler (mainframe)<\/li>\n\n\n\n<li>Pascal, C, Basic, REXX, Unix scripts (pc)<\/li>\n<\/ul>\n\n\n\n<p class=\"has-small-font-size\">Deltog i f\u00f8lgende kurser:<\/p>\n\n\n\n<ul class=\"wp-block-list has-small-font-size\">\n<li>Servicebevidsthedskursus<\/li>\n\n\n\n<li>NLP-introduktion<\/li>\n\n\n\n<li>PC k\u00f8rekort (taget december 2000)<\/li>\n\n\n\n<li>Large System Update hos IBM 1998 &#8211; 2004<\/li>\n\n\n\n<li>MVS System Fundamentals I og II<\/li>\n\n\n\n<li>MVS\/ESA Components<\/li>\n\n\n\n<li>OS\/390 Facilities<\/li>\n\n\n\n<li>Introduction to MVS\/ESA (herunder ISPF\/TSO og JCL)<\/li>\n\n\n\n<li>Assembler Workshop I<\/li>\n\n\n\n<li>RACF Introduction<\/li>\n\n\n\n<li>SMP\/E Introduction<\/li>\n<\/ul>\n\n\n\n<p class=\"has-neve-link-color-color has-text-color has-link-color has-small-font-size wp-elements-f4b2f08d5ed49c859d8f966cb364b3ef\"><strong>Uddannelse &#8211; projekter: <\/strong><\/p>\n\n\n\n<p class=\"has-small-font-size\">Januar 1996 &#8211; Juni 1996 Afgangsprojekt: Unders\u00f8gelse af hvorfor PEX muffer revner under montage. <\/p>\n\n\n\n<p class=\"has-small-font-size\">Dette projekt er lavet i samarbejde med Tarco Energi, Fredericia. Projektet omhandlede en analyse af hvilke faktorer der kunne have indflydelse p\u00e5 en PEX muffe under st\u00f8bning og montering. Herefter afpr\u00f8vedes nogle af de fundne faktorer. (Ref.: Dorte Munk\/Torben Lindemark, DTU Institut for anvendt konstruktion og produktion.) <\/p>\n\n\n\n<p class=\"has-small-font-size\">Januar 1993 &#8211; September 1993 Afgangsprojekt: Telefonkortl\u00e6sermodul. <\/p>\n\n\n\n<p class=\"has-small-font-size\">Udf\u00f8rt i samarbejde med GN-Communication. Projektet omhandlede finmekanisk konstruktion og aftestning af dette. (Ref.: Erling Sonne, DTU Institut for anvendt konstruktion og produktion) <\/p>\n\n\n\n<p class=\"has-small-font-size\">Januar 1992 &#8211; August 1992 Praktikophold ved udviklingsafdelingen hos <a href=\"http:\/\/www.oticon.dk\/\" target=\"_blank\" rel=\"noreferrer noopener\">Oticon A\/S<\/a> i Hellerup. Under opholdet blev der udf\u00f8rt &nbsp;forskellige konstruktionsopgaver, blandt andet:<\/p>\n\n\n\n<ul class=\"wp-block-list\">\n<li class=\"has-small-font-size\">Udarbejdelse af grundspecifikation p\u00e5 engelsk til brug for konstruktion af tilslutningsanordning mellem h\u00f8reapparat og computer i forbindelse med programmering af h\u00f8reapparater.<\/li>\n\n\n\n<li class=\"has-small-font-size\">Modificering af eksisterende komponenter til h\u00f8reapparater.<\/li>\n\n\n\n<li class=\"has-small-font-size\">Udarbejdelse af tegninger v.hj.a. AutoCad til Oticon&#8217;s modelv\u00e6rksted.<\/li>\n<\/ul>\n\n\n\n<p class=\"has-neve-link-color-color has-text-color has-link-color has-small-font-size wp-elements-6bbe3e79294c11f56712f444102499fa\"><strong>Uddannelse:<\/strong> <\/p>\n\n\n\n<p class=\"has-small-font-size\">August 1995 &#8211; Juni 1996 Helsing\u00f8r Teknikum, Plastteknisk linie. <\/p>\n\n\n\n<p class=\"has-small-font-size\">August 1993 &#8211; Juni 1994 Aftjenelse af v\u00e6rnepligt ved Telegrafregimentet, Ryes Kaserne, Fredericia (knudepunktscentraluddannet). Herefter konstabel af reserven til 2002. <\/p>\n\n\n\n<p class=\"has-small-font-size\">1989 &#8211; 1993 Danmarks Ingeni\u00f8r Akademi&#8217;s Maskinafdeling (apparatteknik). <\/p>\n\n\n\n<p class=\"has-small-font-size\">1986 &#8211; 1989 Gymnasiet i Helsinge &#8211; matematisk fysisk student. <\/p>\n\n\n\n<p class=\"has-small-font-size\">&#8211; 1986 Afsluttet folkeskole &#8211; Blistrup Skole <\/p>\n\n\n\n<p class=\"has-neve-link-color-color has-text-color has-link-color has-small-font-size wp-elements-e2877605b9a94520ab191db73064c8ba\"><strong>Sprog:<\/strong> <\/p>\n\n\n\n<p class=\"has-small-font-size\">Engelsk p\u00e5 forhandlingsniveau &#8211; b\u00e5de skrift og tale. <\/p>\n\n\n\n<p class=\"has-neve-link-color-color has-text-color has-link-color has-small-font-size wp-elements-5152204985f882e8a71a9be3509ae18c\"><strong>Fritidsinteresser:<\/strong><\/p>\n\n\n\n<ul class=\"wp-block-list\">\n<li class=\"has-small-font-size\">F\u00f8lger med i Superliga og Champions League fodbold.<\/li>\n\n\n\n<li class=\"has-small-font-size\">Er stor forbruger af pop musik,<\/li>\n\n\n\n<li class=\"has-small-font-size\">L\u00e6ser krimier og romaner &#8211; Nordiske krimier og Ken Follett er favoritterne.<\/li>\n\n\n\n<li class=\"has-small-font-size\">L\u00f8ser kryds og tv\u00e6rs.<\/li>\n\n\n\n<li class=\"has-small-font-size\">L\u00f8ser Sudoku.<\/li>\n\n\n\n<li class=\"has-small-font-size\">Samler Lego Technics modeller.<\/li>\n<\/ul>\n","protected":false},"excerpt":{"rendered":"<p>April 2025 &#8211; Ansat hos Novo Nordisk A\/S som QA Professional i GCMD QA afdeling i Novo Nordisk Hiller\u00f8d Maj 2022 &#8211; April 2025 &#8211; Ansat hos Novo Nordisk A\/S som MES Business Analyst i DD&amp;IT Novo Nordisk Hiller\u00f8d. September 2014 &#8211; maj 2022 Ansat hos Novo Nordisk A\/S som QA Professional i QA afdelingen&hellip;&nbsp;<a href=\"https:\/\/www.kgpv2.dk\/index.php\/erhvervserfaring\/\" rel=\"bookmark\">L\u00e6s mere &raquo;<span class=\"screen-reader-text\">CV<\/span><\/a><\/p>\n","protected":false},"author":1,"featured_media":0,"parent":0,"menu_order":0,"comment_status":"closed","ping_status":"closed","template":"","meta":{"neve_meta_sidebar":"","neve_meta_container":"","neve_meta_enable_content_width":"","neve_meta_content_width":0,"neve_meta_title_alignment":"","neve_meta_author_avatar":"","neve_post_elements_order":"","neve_meta_disable_header":"","neve_meta_disable_footer":"","neve_meta_disable_title":"","footnotes":""},"class_list":["post-10","page","type-page","status-publish","hentry"],"_links":{"self":[{"href":"https:\/\/www.kgpv2.dk\/index.php\/wp-json\/wp\/v2\/pages\/10","targetHints":{"allow":["GET"]}}],"collection":[{"href":"https:\/\/www.kgpv2.dk\/index.php\/wp-json\/wp\/v2\/pages"}],"about":[{"href":"https:\/\/www.kgpv2.dk\/index.php\/wp-json\/wp\/v2\/types\/page"}],"author":[{"embeddable":true,"href":"https:\/\/www.kgpv2.dk\/index.php\/wp-json\/wp\/v2\/users\/1"}],"replies":[{"embeddable":true,"href":"https:\/\/www.kgpv2.dk\/index.php\/wp-json\/wp\/v2\/comments?post=10"}],"version-history":[{"count":10,"href":"https:\/\/www.kgpv2.dk\/index.php\/wp-json\/wp\/v2\/pages\/10\/revisions"}],"predecessor-version":[{"id":96,"href":"https:\/\/www.kgpv2.dk\/index.php\/wp-json\/wp\/v2\/pages\/10\/revisions\/96"}],"wp:attachment":[{"href":"https:\/\/www.kgpv2.dk\/index.php\/wp-json\/wp\/v2\/media?parent=10"}],"curies":[{"name":"wp","href":"https:\/\/api.w.org\/{rel}","templated":true}]}}